{"id":416,"date":"2022-11-09T07:13:43","date_gmt":"2022-11-09T07:13:43","guid":{"rendered":"https:\/\/spwolff.lai.de\/?page_id=416"},"modified":"2022-11-09T08:32:26","modified_gmt":"2022-11-09T08:32:26","slug":"impressum","status":"publish","type":"page","link":"https:\/\/spwolff.lai.de\/index.php\/impressum\/","title":{"rendered":"Impressum"},"content":{"rendered":"<!--themify_builder_content-->\n<div id=\"themify_builder_content-416\" data-postid=\"416\" class=\"themify_builder_content themify_builder_content-416 themify_builder tf_clear\">\n    \t<!-- module_row -->\n\t<div  data-lazy=\"1\" class=\"module_row themify_builder_row tb_wvdx268 tb_first tf_clearfix\">\n\t    \t\t<div class=\"row_inner col_align_top col-count-1 tf_box tf_w tf_rel\">\n\t\t\t<div  data-lazy=\"1\" class=\"module_column tb-column col-full first tb_uszc269 tf_box\">\n\t\t\t    \t        <div class=\"tb-column-inner tf_box tf_w\">\n\t\t    <!-- module text -->\n<div  class=\"module module-text tb_hzh8494   \" data-lazy=\"1\">\n        <div  class=\"tb_text_wrap\">\n    <h2>Impressum<\/h2>\n<p>\u00a0<\/p>\n<h3>Servicepartner Wilfried Wolff<\/h3>\n<p>Eichenweg 3<br>72535 Heroldstatt<\/p>\n<p>Telefon: 07389 &#8211; 90 888 1<br>E-mail: servicepartner.wolff@lai.de<\/p>\n<p><br>Gesch\u00e4ftsf\u00fchrer: Wilfried Wolff<\/p>\n<p>Finanzamt: Bad Urach<br>Steuernummer: 89483\/13207<\/p>\n<p>Haftungshinweis:<br>Trotz sorgf\u00e4ltiger inhaltlicher Kontrolle \u00fcbernehmen wir keine Haftung f\u00fcr die Inhalte externer Links.<br>F\u00fcr den Inhalt der verlinkten Seiten sind ausschlie\u00dflich deren Betreiber verantwortlich.<\/p>    <\/div>\n<\/div>\n<!-- \/module text -->\t        <\/div>\n\t    \t<\/div>\n\t\t    <\/div>\n\t    <!-- \/row_inner -->\n\t<\/div>\n\t<!-- \/module_row -->\n\t\t<!-- module_row -->\n\t<div  data-anchor=\"5\" data-lazy=\"1\" class=\"module_row themify_builder_row repeat tb_has_section tb_section-5 tb_cg8z935 tf_clearfix\" >\n\t    \t\t<div class=\"row_inner col_align_top gutter-none col-count-2 tf_box tf_w tf_rel\"  data-tablet_landscape_dir=\"rtl\" data-basecol=\"2\" data-col_tablet=\"column-full\">\n\t\t\t<div  data-lazy=\"1\" class=\"module_column tb-column col4-2 first tb_acmn935 repeat tf_box\">\n\t\t\t    \t        <div class=\"tb-column-inner tf_box tf_w\">\n\t\t    \t<div  data-lazy=\"1\" class=\"module_subrow themify_builder_sub_row repeat tb_b31b935 tf_w tf_clearfix\">\n\t    \t\t<div class=\"subrow_inner col_align_top col-count-1 tf_box tf_w\">\n\t\t\t<div  data-lazy=\"1\" class=\"sub_column module_column tf_box col-full first tb_zlxk936\" > \n\t    \t    \t        <div class=\"tb-column-inner tf_box tf_w\">\n\t\t    <!-- module image -->\n<div  class=\"module module-image tb_on3u936   image-top tf_mw\" data-lazy=\"1\">\n        <div class=\"image-wrap tf_rel tf_mw\">\n\t\t    <img loading=\"lazy\" decoding=\"async\" src=\"https:\/\/spwolff.lai.de\/wp-content\/uploads\/2022\/11\/Logo-Wolff-3-306x112.png\" width=\"306\" height=\"112\" class=\"wp-post-image wp-image-331\" title=\"Logo-Wolff\" alt=\"Logo-Wolff\" srcset=\"https:\/\/spwolff.lai.de\/wp-content\/uploads\/2022\/11\/Logo-Wolff-3-306x112.png 306w, https:\/\/spwolff.lai.de\/wp-content\/uploads\/2022\/11\/Logo-Wolff-3-300x111.png 300w, https:\/\/spwolff.lai.de\/wp-content\/uploads\/2022\/11\/Logo-Wolff-3.png 687w\" sizes=\"auto, (max-width: 306px) 100vw, 306px\" \/>\t\n\t\t<\/div>\n\t<!-- \/image-wrap -->\n    \n    \t<\/div>\n<!-- \/module image --><!-- module text -->\n<div  class=\"module module-text tb_qsx6937   \" data-lazy=\"1\">\n        <div  class=\"tb_text_wrap\">\n    <p>Eichenweg 3<br>72535 Heroldstatt<br><br><strong>Tel.:<\/strong> 07389 &#8211; 90 888 1<br><strong>Fax:<\/strong> 07389 &#8211; 90 888 2<br><strong>Mobil:<\/strong> 0179 &#8211; 2925740<br><strong>Mail:<\/strong> <a href=\"mailto:servicepartner.wolff@lai.de\">servicepartner.wolff@lai.de<\/a><\/p>    <\/div>\n<\/div>\n<!-- \/module text --><!-- module buttons -->\n<div  class=\"module module-buttons tb_5p9m937 buttons-horizontal solid  large rounded tf_textl\" data-lazy=\"1\">\n    \t<div class=\"module-buttons-item tf_inline_b\">\n\t\t\t\t\t\t\t<a href=\"#cars\" class=\"ui builder_button tb_default_color\" >\n\t\t\t\t\t\t\t\t\t\t\t\t<em class=\"tf_inline_b tf_vmiddle\"><svg  aria-hidden=\"true\" class=\"tf_fa tf-fas-tools\"><use href=\"#tf-fas-tools\"><\/use><\/svg><\/em>\t\t\t\t\t\t\t\t<span class=\"tf_inline_b tf_vmiddle\"><B>SERVICENUMMER<BR>0179 \u2013 2925740<\/span>\n\t\t\t\t\t\t\t\t\t\t\t<\/a>\n\t\t\t    \t<\/div>\n\t<\/div>\n<!-- \/module buttons -->\n\t        <\/div>\n\t    \t<\/div>\n\t\t    <\/div>\n\t<\/div><!-- \/themify_builder_sub_row -->\n\t\t        <\/div>\n\t    \t<\/div>\n\t\t<div  data-lazy=\"1\" class=\"module_column tb-column col4-2 last tb_eu8r937 repeat tf_box\">\n\t\t\t    \t<\/div>\n\t\t    <\/div>\n\t    <!-- \/row_inner -->\n\t<\/div>\n\t<!-- \/module_row -->\n\t<\/div>\n<!--\/themify_builder_content-->","protected":false},"excerpt":{"rendered":"<p>Impressum \u00a0 Servicepartner Wilfried Wolff Eichenweg 372535 Heroldstatt Telefon: 07389 &#8211; 90 888 1E-mail: servicepartner.wolff@lai.de Gesch\u00e4ftsf\u00fchrer: Wilfried Wolff Finanzamt: Bad UrachSteuernummer: 89483\/13207 Haftungshinweis:Trotz sorgf\u00e4ltiger inhaltlicher Kontrolle \u00fcbernehmen wir keine Haftung f\u00fcr die Inhalte externer Links.F\u00fcr den Inhalt der verlinkten Seiten sind ausschlie\u00dflich deren Betreiber verantwortlich.<\/p>\n","protected":false},"author":1,"featured_media":0,"parent":0,"menu_order":0,"comment_status":"closed","ping_status":"closed","template":"","meta":{"footnotes":""},"class_list":["post-416","page","type-page","status-publish","hentry","has-post-title","has-post-date","has-post-category","has-post-tag","has-post-comment","has-post-author",""],"yoast_head":"<!-- This site is optimized with the Yoast SEO plugin v27.4 - https:\/\/yoast.com\/product\/yoast-seo-wordpress\/ -->\n<title>Impressum - Servicepartner Wolff<\/title>\n<meta name=\"robots\" content=\"index, follow, max-snippet:-1, max-image-preview:large, max-video-preview:-1\" \/>\n<link rel=\"canonical\" href=\"https:\/\/spwolff.lai.de\/index.php\/impressum\/\" \/>\n<meta property=\"og:locale\" content=\"de_DE\" \/>\n<meta property=\"og:type\" content=\"article\" \/>\n<meta property=\"og:title\" content=\"Impressum - Servicepartner Wolff\" \/>\n<meta property=\"og:description\" content=\"Impressum \u00a0 Servicepartner Wilfried Wolff Eichenweg 372535 Heroldstatt Telefon: 07389 - 90 888 1E-mail: servicepartner.wolff@lai.de Gesch\u00e4ftsf\u00fchrer: Wilfried Wolff Finanzamt: Bad UrachSteuernummer: 89483\/13207 Haftungshinweis:Trotz sorgf\u00e4ltiger inhaltlicher Kontrolle \u00fcbernehmen wir keine Haftung f\u00fcr die Inhalte externer Links.F\u00fcr den Inhalt der verlinkten Seiten sind ausschlie\u00dflich deren Betreiber verantwortlich.\" \/>\n<meta property=\"og:url\" content=\"https:\/\/spwolff.lai.de\/index.php\/impressum\/\" \/>\n<meta property=\"og:site_name\" content=\"Servicepartner Wolff\" \/>\n<meta property=\"article:modified_time\" content=\"2022-11-09T08:32:26+00:00\" \/>\n<meta name=\"twitter:card\" content=\"summary_large_image\" \/>\n<script type=\"application\/ld+json\" class=\"yoast-schema-graph\">{\"@context\":\"https:\\\/\\\/schema.org\",\"@graph\":[{\"@type\":\"WebPage\",\"@id\":\"https:\\\/\\\/spwolff.lai.de\\\/index.php\\\/impressum\\\/\",\"url\":\"https:\\\/\\\/spwolff.lai.de\\\/index.php\\\/impressum\\\/\",\"name\":\"Impressum - Servicepartner Wolff\",\"isPartOf\":{\"@id\":\"https:\\\/\\\/spwolff.lai.de\\\/#website\"},\"datePublished\":\"2022-11-09T07:13:43+00:00\",\"dateModified\":\"2022-11-09T08:32:26+00:00\",\"breadcrumb\":{\"@id\":\"https:\\\/\\\/spwolff.lai.de\\\/index.php\\\/impressum\\\/#breadcrumb\"},\"inLanguage\":\"de\",\"potentialAction\":[{\"@type\":\"ReadAction\",\"target\":[\"https:\\\/\\\/spwolff.lai.de\\\/index.php\\\/impressum\\\/\"]}]},{\"@type\":\"BreadcrumbList\",\"@id\":\"https:\\\/\\\/spwolff.lai.de\\\/index.php\\\/impressum\\\/#breadcrumb\",\"itemListElement\":[{\"@type\":\"ListItem\",\"position\":1,\"name\":\"Startseite\",\"item\":\"https:\\\/\\\/spwolff.lai.de\\\/\"},{\"@type\":\"ListItem\",\"position\":2,\"name\":\"Impressum\"}]},{\"@type\":\"WebSite\",\"@id\":\"https:\\\/\\\/spwolff.lai.de\\\/#website\",\"url\":\"https:\\\/\\\/spwolff.lai.de\\\/\",\"name\":\"Servicepartner Wolff\",\"description\":\"\",\"publisher\":{\"@id\":\"https:\\\/\\\/spwolff.lai.de\\\/#organization\"},\"potentialAction\":[{\"@type\":\"SearchAction\",\"target\":{\"@type\":\"EntryPoint\",\"urlTemplate\":\"https:\\\/\\\/spwolff.lai.de\\\/?s={search_term_string}\"},\"query-input\":{\"@type\":\"PropertyValueSpecification\",\"valueRequired\":true,\"valueName\":\"search_term_string\"}}],\"inLanguage\":\"de\"},{\"@type\":\"Organization\",\"@id\":\"https:\\\/\\\/spwolff.lai.de\\\/#organization\",\"name\":\"Servicepartner Wolff\",\"url\":\"https:\\\/\\\/spwolff.lai.de\\\/\",\"logo\":{\"@type\":\"ImageObject\",\"inLanguage\":\"de\",\"@id\":\"https:\\\/\\\/spwolff.lai.de\\\/#\\\/schema\\\/logo\\\/image\\\/\",\"url\":\"https:\\\/\\\/spwolff.lai.de\\\/wp-content\\\/uploads\\\/2022\\\/11\\\/Logo-Wolff-3.png\",\"contentUrl\":\"https:\\\/\\\/spwolff.lai.de\\\/wp-content\\\/uploads\\\/2022\\\/11\\\/Logo-Wolff-3.png\",\"width\":687,\"height\":254,\"caption\":\"Servicepartner Wolff\"},\"image\":{\"@id\":\"https:\\\/\\\/spwolff.lai.de\\\/#\\\/schema\\\/logo\\\/image\\\/\"}}]}<\/script>\n<!-- \/ Yoast SEO plugin. -->","yoast_head_json":{"title":"Impressum - Servicepartner Wolff","robots":{"index":"index","follow":"follow","max-snippet":"max-snippet:-1","max-image-preview":"max-image-preview:large","max-video-preview":"max-video-preview:-1"},"canonical":"https:\/\/spwolff.lai.de\/index.php\/impressum\/","og_locale":"de_DE","og_type":"article","og_title":"Impressum - Servicepartner Wolff","og_description":"Impressum \u00a0 Servicepartner Wilfried Wolff Eichenweg 372535 Heroldstatt Telefon: 07389 - 90 888 1E-mail: servicepartner.wolff@lai.de Gesch\u00e4ftsf\u00fchrer: Wilfried Wolff Finanzamt: Bad UrachSteuernummer: 89483\/13207 Haftungshinweis:Trotz sorgf\u00e4ltiger inhaltlicher Kontrolle \u00fcbernehmen wir keine Haftung f\u00fcr die Inhalte externer Links.F\u00fcr den Inhalt der verlinkten Seiten sind ausschlie\u00dflich deren Betreiber verantwortlich.","og_url":"https:\/\/spwolff.lai.de\/index.php\/impressum\/","og_site_name":"Servicepartner Wolff","article_modified_time":"2022-11-09T08:32:26+00:00","twitter_card":"summary_large_image","schema":{"@context":"https:\/\/schema.org","@graph":[{"@type":"WebPage","@id":"https:\/\/spwolff.lai.de\/index.php\/impressum\/","url":"https:\/\/spwolff.lai.de\/index.php\/impressum\/","name":"Impressum - Servicepartner Wolff","isPartOf":{"@id":"https:\/\/spwolff.lai.de\/#website"},"datePublished":"2022-11-09T07:13:43+00:00","dateModified":"2022-11-09T08:32:26+00:00","breadcrumb":{"@id":"https:\/\/spwolff.lai.de\/index.php\/impressum\/#breadcrumb"},"inLanguage":"de","potentialAction":[{"@type":"ReadAction","target":["https:\/\/spwolff.lai.de\/index.php\/impressum\/"]}]},{"@type":"BreadcrumbList","@id":"https:\/\/spwolff.lai.de\/index.php\/impressum\/#breadcrumb","itemListElement":[{"@type":"ListItem","position":1,"name":"Startseite","item":"https:\/\/spwolff.lai.de\/"},{"@type":"ListItem","position":2,"name":"Impressum"}]},{"@type":"WebSite","@id":"https:\/\/spwolff.lai.de\/#website","url":"https:\/\/spwolff.lai.de\/","name":"Servicepartner Wolff","description":"","publisher":{"@id":"https:\/\/spwolff.lai.de\/#organization"},"potentialAction":[{"@type":"SearchAction","target":{"@type":"EntryPoint","urlTemplate":"https:\/\/spwolff.lai.de\/?s={search_term_string}"},"query-input":{"@type":"PropertyValueSpecification","valueRequired":true,"valueName":"search_term_string"}}],"inLanguage":"de"},{"@type":"Organization","@id":"https:\/\/spwolff.lai.de\/#organization","name":"Servicepartner Wolff","url":"https:\/\/spwolff.lai.de\/","logo":{"@type":"ImageObject","inLanguage":"de","@id":"https:\/\/spwolff.lai.de\/#\/schema\/logo\/image\/","url":"https:\/\/spwolff.lai.de\/wp-content\/uploads\/2022\/11\/Logo-Wolff-3.png","contentUrl":"https:\/\/spwolff.lai.de\/wp-content\/uploads\/2022\/11\/Logo-Wolff-3.png","width":687,"height":254,"caption":"Servicepartner Wolff"},"image":{"@id":"https:\/\/spwolff.lai.de\/#\/schema\/logo\/image\/"}}]}},"builder_content":"<h2>Impressum<\/h2> <p>\u00a0<\/p> <h3>Servicepartner Wilfried Wolff<\/h3> <p>Eichenweg 3<br>72535 Heroldstatt<\/p> <p>Telefon: 07389 - 90 888 1<br>E-mail: servicepartner.wolff@lai.de<\/p> <p><br>Gesch\u00e4ftsf\u00fchrer: Wilfried Wolff<\/p> <p>Finanzamt: Bad Urach<br>Steuernummer: 89483\/13207<\/p> <p>Haftungshinweis:<br>Trotz sorgf\u00e4ltiger inhaltlicher Kontrolle \u00fcbernehmen wir keine Haftung f\u00fcr die Inhalte externer Links.<br>F\u00fcr den Inhalt der verlinkten Seiten sind ausschlie\u00dflich deren Betreiber verantwortlich.<\/p>\n<img loading=\"lazy\" decoding=\"async\" src=\"https:\/\/spwolff.lai.de\/wp-content\/uploads\/2022\/11\/Logo-Wolff-3-306x112.png\" width=\"306\" height=\"112\" title=\"Logo-Wolff\" alt=\"Logo-Wolff\" srcset=\"https:\/\/spwolff.lai.de\/wp-content\/uploads\/2022\/11\/Logo-Wolff-3-306x112.png 306w, https:\/\/spwolff.lai.de\/wp-content\/uploads\/2022\/11\/Logo-Wolff-3-300x111.png 300w, https:\/\/spwolff.lai.de\/wp-content\/uploads\/2022\/11\/Logo-Wolff-3.png 687w\" sizes=\"auto, (max-width: 306px) 100vw, 306px\" \/>\n<p>Eichenweg 3<br>72535 Heroldstatt<br><br><strong>Tel.:<\/strong> 07389 - 90 888 1<br><strong>Fax:<\/strong> 07389 - 90 888 2<br><strong>Mobil:<\/strong> 0179 - 2925740<br><strong>Mail:<\/strong> <a href=\"mailto:servicepartner.wolff@lai.de\">servicepartner.wolff@lai.de<\/a><\/p>\n<a href=\"#cars\" > <em><svg aria-hidden=\"true\"><use href=\"#tf-fas-tools\"><\/use><\/svg><\/em> <B>SERVICENUMMER<BR>0179 \u2013 2925740 <\/a>","_links":{"self":[{"href":"https:\/\/spwolff.lai.de\/index.php\/wp-json\/wp\/v2\/pages\/416","targetHints":{"allow":["GET"]}}],"collection":[{"href":"https:\/\/spwolff.lai.de\/index.php\/wp-json\/wp\/v2\/pages"}],"about":[{"href":"https:\/\/spwolff.lai.de\/index.php\/wp-json\/wp\/v2\/types\/page"}],"author":[{"embeddable":true,"href":"https:\/\/spwolff.lai.de\/index.php\/wp-json\/wp\/v2\/users\/1"}],"replies":[{"embeddable":true,"href":"https:\/\/spwolff.lai.de\/index.php\/wp-json\/wp\/v2\/comments?post=416"}],"version-history":[{"count":0,"href":"https:\/\/spwolff.lai.de\/index.php\/wp-json\/wp\/v2\/pages\/416\/revisions"}],"wp:attachment":[{"href":"https:\/\/spwolff.lai.de\/index.php\/wp-json\/wp\/v2\/media?parent=416"}],"curies":[{"name":"wp","href":"https:\/\/api.w.org\/{rel}","templated":true}]}}